{"id":472,"date":"2025-07-23T19:25:27","date_gmt":"2025-07-23T17:25:27","guid":{"rendered":"https:\/\/tobiaszielke.com\/?page_id=472"},"modified":"2025-07-24T17:38:57","modified_gmt":"2025-07-24T15:38:57","slug":"imprint","status":"publish","type":"page","link":"https:\/\/tobiaszielke.com\/en\/imprint\/","title":{"rendered":"Imprint"},"content":{"rendered":"<style>.kb-row-layout-id472_e79cca-76 > .kt-row-column-wrap{align-content:start;}:where(.kb-row-layout-id472_e79cca-76 > .kt-row-column-wrap) > .wp-block-kadence-column{justify-content:start;}.kb-row-layout-id472_e79cca-76 > .kt-row-column-wrap{column-gap:var(--global-kb-gap-lg, 4rem);row-gap:var(--global-kb-gap-md, 2rem);max-width:var( --global-content-width, 1400px );padding-left:var(--global-content-edge-padding);padding-right:var(--global-content-edge-padding);padding-top:0px;padding-right:20px;padding-bottom:87px;padding-left:20px;grid-template-columns:minmax(0, 1fr);}.kb-row-layout-id472_e79cca-76 > .kt-row-layout-overlay{opacity:0.30;}@media all and (max-width: 1024px){.kb-row-layout-id472_e79cca-76 > .kt-row-column-wrap{padding-top:200px;padding-right:150px;padding-bottom:60px;padding-left:150px;grid-template-columns:minmax(0, 1fr);}}@media all and (max-width: 767px){.kb-row-layout-id472_e79cca-76 > .kt-row-column-wrap{padding-top:40px;padding-right:30px;padding-bottom:40px;padding-left:30px;grid-template-columns:minmax(0, 1fr);}}<\/style><div class=\"kb-row-layout-wrap kb-row-layout-id472_e79cca-76 alignfull has-theme-palette9-background-color kt-row-has-bg wp-block-kadence-rowlayout\"><div class=\"kt-row-column-wrap kt-has-1-columns kt-row-layout-equal kt-tab-layout-inherit kt-mobile-layout-row kt-row-valign-top kb-theme-content-width\">\n<style>.kadence-column472_39fd43-51 > .kt-inside-inner-col{display:flex;}.kadence-column472_39fd43-51 > .kt-inside-inner-col,.kadence-column472_39fd43-51 > .kt-inside-inner-col:before{border-top-left-radius:0px;border-top-right-radius:0px;border-bottom-right-radius:0px;border-bottom-left-radius:0px;}.kadence-column472_39fd43-51 > .kt-inside-inner-col{column-gap:var(--global-kb-gap-sm, 1rem);}.kadence-column472_39fd43-51 > .kt-inside-inner-col{flex-direction:column;justify-content:center;align-items:flex-start;}.kadence-column472_39fd43-51 > .kt-inside-inner-col > .kb-image-is-ratio-size{align-self:stretch;}.kadence-column472_39fd43-51 > .kt-inside-inner-col > .wp-block-kadence-advancedgallery{align-self:stretch;}.kadence-column472_39fd43-51 > .kt-inside-inner-col > .aligncenter{width:100%;}.kt-row-column-wrap > .kadence-column472_39fd43-51{align-self:center;}.kt-inner-column-height-full:not(.kt-has-1-columns) > .wp-block-kadence-column.kadence-column472_39fd43-51{align-self:auto;}.kt-inner-column-height-full:not(.kt-has-1-columns) > .wp-block-kadence-column.kadence-column472_39fd43-51 > .kt-inside-inner-col{flex-direction:column;justify-content:center;}.kadence-column472_39fd43-51 > .kt-inside-inner-col:before{opacity:0.3;}.kadence-column472_39fd43-51{text-align:left;}.kadence-column472_39fd43-51{position:relative;}@media all and (max-width: 1024px){.kt-row-column-wrap > .kadence-column472_39fd43-51{align-self:center;}}@media all and (max-width: 1024px){.kt-inner-column-height-full:not(.kt-has-1-columns) > .wp-block-kadence-column.kadence-column472_39fd43-51{align-self:auto;}}@media all and (max-width: 1024px){.kt-inner-column-height-full:not(.kt-has-1-columns) > .wp-block-kadence-column.kadence-column472_39fd43-51 > .kt-inside-inner-col{flex-direction:column;justify-content:center;}}@media all and (max-width: 1024px){.kadence-column472_39fd43-51 > .kt-inside-inner-col{flex-direction:column;justify-content:center;align-items:flex-start;}}@media all and (max-width: 767px){.kt-row-column-wrap > .kadence-column472_39fd43-51{align-self:center;}.kt-inner-column-height-full:not(.kt-has-1-columns) > .wp-block-kadence-column.kadence-column472_39fd43-51{align-self:auto;}.kt-inner-column-height-full:not(.kt-has-1-columns) > .wp-block-kadence-column.kadence-column472_39fd43-51 > .kt-inside-inner-col{flex-direction:column;justify-content:center;}.kadence-column472_39fd43-51 > .kt-inside-inner-col{flex-direction:column;justify-content:center;align-items:flex-start;}}<\/style>\n<div class=\"wp-block-kadence-column kadence-column472_39fd43-51 inner-column-1\"><div class=\"kt-inside-inner-col\">\n<h2 class=\"wp-block-heading has-lg-font-size\">Impressum laut \u00a7 5 des Digitale-Dienste-Gesetzes (DDG, vormals TMG)<\/h2>\n\n\n<style>.wp-block-kadence-advancedheading.kt-adv-heading472_c2af6d-59, .wp-block-kadence-advancedheading.kt-adv-heading472_c2af6d-59[data-kb-block=\"kb-adv-heading472_c2af6d-59\"]{margin-top:10px;margin-bottom:10px;text-align:left;font-size:18px;line-height:32px;font-weight:400;font-style:normal;font-family:Inter;}.wp-block-kadence-advancedheading.kt-adv-heading472_c2af6d-59 mark.kt-highlight, .wp-block-kadence-advancedheading.kt-adv-heading472_c2af6d-59[data-kb-block=\"kb-adv-heading472_c2af6d-59\"] mark.kt-highlight{font-style:normal;color:#f76a0c;-webkit-box-decoration-break:clone;box-decoration-break:clone;padding-top:0px;padding-right:0px;padding-bottom:0px;padding-left:0px;}.wp-block-kadence-advancedheading.kt-adv-heading472_c2af6d-59 img.kb-inline-image, .wp-block-kadence-advancedheading.kt-adv-heading472_c2af6d-59[data-kb-block=\"kb-adv-heading472_c2af6d-59\"] img.kb-inline-image{width:150px;vertical-align:baseline;}<\/style>\n<p class=\"kt-adv-heading472_c2af6d-59 wp-block-kadence-advancedheading has-theme-palette-4-color has-text-color\" data-kb-block=\"kb-adv-heading472_c2af6d-59\"><em>Tobias M. Zielke <br>Zur Hardt 5<br>51429 Bergisch Gladbach<br>Deutschland<br><br>Tel.: +49 2204\/7038667<br>E-Mail: imprint@tobiaszielke.com<br><br>Umsatzsteuerbefreit<br><br>Verantwortliche\/r i.S.d. \u00a7 18 Abs. 2 MStV:<br>Tobias M. Zielke, Zur Hardt 5, 51429 Bergisch Gladbach, , Tel: +49 2204\/70 38 667, red@tobiaszielke.com<br><br>Zust\u00e4ndige Aufsichtsbeh\u00f6rde f\u00fcr das Angebot audiovisueller Mediendienste:<br>Landesanstalt f\u00fcr Medien NRW, Zollhof 2, 40221 D\u00fcsseldorf, Deutschland<\/em><\/p>\n<\/div><\/div>\n\n<\/div><\/div>\n\n<style>.wp-block-kadence-advancedbtn.kb-btns472_235a57-d4{gap:var(--global-kb-gap-xs, 0.5rem );flex-direction:row;justify-content:flex-start;align-items:flex-start;}.kt-btns472_235a57-d4 .kt-button{font-weight:normal;font-style:normal;}.kt-btns472_235a57-d4 .kt-btn-wrap-0{margin-right:5px;}.wp-block-kadence-advancedbtn.kt-btns472_235a57-d4 .kt-btn-wrap-0 .kt-button{color:#555555;border-color:#555555;}.wp-block-kadence-advancedbtn.kt-btns472_235a57-d4 .kt-btn-wrap-0 .kt-button:hover, .wp-block-kadence-advancedbtn.kt-btns472_235a57-d4 .kt-btn-wrap-0 .kt-button:focus{color:#ffffff;border-color:#444444;}.wp-block-kadence-advancedbtn.kt-btns472_235a57-d4 .kt-btn-wrap-0 .kt-button::before{display:none;}.wp-block-kadence-advancedbtn.kt-btns472_235a57-d4 .kt-btn-wrap-0 .kt-button:hover, .wp-block-kadence-advancedbtn.kt-btns472_235a57-d4 .kt-btn-wrap-0 .kt-button:focus{background:#444444;}<\/style>\n<div class=\"wp-block-kadence-advancedbtn kb-buttons-wrap kb-btns472_235a57-d4\"><style>.wp-block-kadence-advancedbtn .kb-btn472_7c26da-c7.kb-button{font-family:Inter;font-weight:400;border-top-left-radius:10px;border-top-right-radius:10px;border-bottom-right-radius:10px;border-bottom-left-radius:10px;}.wp-block-kadence-advancedbtn .kb-btn472_7c26da-c7.kb-button:hover, .wp-block-kadence-advancedbtn .kb-btn472_7c26da-c7.kb-button:focus{color:#00bfa6;border-top-left-radius:10px;border-top-right-radius:10px;border-bottom-right-radius:10px;border-bottom-left-radius:10px;}<\/style><a class=\"kb-button kt-button button kb-btn472_7c26da-c7 kt-btn-size-large kt-btn-width-type-fixed kb-btn-global-inherit  kt-btn-has-text-true kt-btn-has-svg-false  wp-block-button__link wp-block-kadence-singlebtn\" href=\"https:\/\/tobiaszielke.com\/kontakt\/\"><span class=\"kt-btn-inner-text\">Kontakt<\/span><\/a><\/div>\n","protected":false},"excerpt":{"rendered":"<p>Impressum laut \u00a7 5 des Digitale-Dienste-Gesetzes (DDG, vormals TMG) Tobias M. Zielke Zur Hardt 551429 Bergisch GladbachDeutschland Tel.: +49 2204\/7038667E-Mail: imprint@tobiaszielke.com Umsatzsteuerbefreit Verantwortliche\/r i.S.d. \u00a7 18 Abs. 2 MStV:Tobias M. Zielke, Zur Hardt 5, 51429 Bergisch Gladbach, , Tel: +49 2204\/70 38 667, red@tobiaszielke.com Zust\u00e4ndige Aufsichtsbeh\u00f6rde f\u00fcr das Angebot audiovisueller Mediendienste:Landesanstalt f\u00fcr Medien NRW, Zollhof&#8230;<\/p>","protected":false},"author":1,"featured_media":0,"parent":0,"menu_order":0,"comment_status":"closed","ping_status":"closed","template":"","meta":{"_kad_post_transparent":"","_kad_post_title":"","_kad_post_layout":"","_kad_post_sidebar_id":"","_kad_post_content_style":"","_kad_post_vertical_padding":"","_kad_post_feature":"","_kad_post_feature_position":"","_kad_post_header":false,"_kad_post_footer":false,"_kad_post_classname":"","footnotes":""},"class_list":["post-472","page","type-page","status-publish","hentry"],"_links":{"self":[{"href":"https:\/\/tobiaszielke.com\/en\/wp-json\/wp\/v2\/pages\/472","targetHints":{"allow":["GET"]}}],"collection":[{"href":"https:\/\/tobiaszielke.com\/en\/wp-json\/wp\/v2\/pages"}],"about":[{"href":"https:\/\/tobiaszielke.com\/en\/wp-json\/wp\/v2\/types\/page"}],"author":[{"embeddable":true,"href":"https:\/\/tobiaszielke.com\/en\/wp-json\/wp\/v2\/users\/1"}],"replies":[{"embeddable":true,"href":"https:\/\/tobiaszielke.com\/en\/wp-json\/wp\/v2\/comments?post=472"}],"version-history":[{"count":2,"href":"https:\/\/tobiaszielke.com\/en\/wp-json\/wp\/v2\/pages\/472\/revisions"}],"predecessor-version":[{"id":580,"href":"https:\/\/tobiaszielke.com\/en\/wp-json\/wp\/v2\/pages\/472\/revisions\/580"}],"wp:attachment":[{"href":"https:\/\/tobiaszielke.com\/en\/wp-json\/wp\/v2\/media?parent=472"}],"curies":[{"name":"wp","href":"https:\/\/api.w.org\/{rel}","templated":true}]}}