{"id":19,"date":"2025-07-15T13:44:29","date_gmt":"2025-07-15T11:44:29","guid":{"rendered":"https:\/\/tobiaszielke.com\/?page_id=19"},"modified":"2025-07-30T16:35:08","modified_gmt":"2025-07-30T14:35:08","slug":"kontakt","status":"publish","type":"page","link":"https:\/\/tobiaszielke.com\/en\/kontakt\/","title":{"rendered":"Contact"},"content":{"rendered":"<style>.kb-row-layout-id19_882c50-51 > .kt-row-column-wrap{align-content:start;}:where(.kb-row-layout-id19_882c50-51 > .kt-row-column-wrap) > .wp-block-kadence-column{justify-content:start;}.kb-row-layout-id19_882c50-51 > .kt-row-column-wrap{column-gap:var(--global-kb-gap-md, 2rem);row-gap:var(--global-kb-gap-md, 2rem);max-width:var( --global-content-width, 1400px );padding-left:var(--global-content-edge-padding);padding-right:var(--global-content-edge-padding);grid-template-columns:minmax(0, calc(25% - ((var(--global-kb-gap-md, 2rem) * 1 )\/2)))minmax(0, calc(75% - ((var(--global-kb-gap-md, 2rem) * 1 )\/2)));}.kb-row-layout-id19_882c50-51 > .kt-row-layout-overlay{opacity:0.30;}@media all and (max-width: 1024px){.kb-row-layout-id19_882c50-51 > .kt-row-column-wrap{grid-template-columns:minmax(0, 1fr);}}@media all and (max-width: 767px){.kb-row-layout-id19_882c50-51 > .kt-row-column-wrap{grid-template-columns:minmax(0, 1fr);}}<\/style><div class=\"kb-row-layout-wrap kb-row-layout-id19_882c50-51 alignfull has-theme-palette9-background-color kt-row-has-bg wp-block-kadence-rowlayout\"><div class=\"kt-row-column-wrap kt-has-2-columns kt-row-layout-right-golden kt-tab-layout-row kt-mobile-layout-row kt-row-valign-top kt-inner-column-height-full kb-theme-content-width\">\n<style>.kadence-column19_95fe78-bb > .kt-inside-inner-col{display:flex;}.kadence-column19_95fe78-bb > .kt-inside-inner-col{padding-top:var(--global-kb-spacing-md, 2rem);padding-right:0px;padding-bottom:0px;padding-left:0px;}.kadence-column19_95fe78-bb > .kt-inside-inner-col,.kadence-column19_95fe78-bb > .kt-inside-inner-col:before{border-top-left-radius:0px;border-top-right-radius:0px;border-bottom-right-radius:0px;border-bottom-left-radius:0px;}.kadence-column19_95fe78-bb > .kt-inside-inner-col{row-gap:var(--global-kb-gap-md, 2rem);column-gap:var(--global-kb-gap-sm, 1rem);}.kadence-column19_95fe78-bb > .kt-inside-inner-col{flex-direction:column;justify-content:flex-start;align-items:center;}.kadence-column19_95fe78-bb > .kt-inside-inner-col > .kb-image-is-ratio-size{align-self:stretch;}.kadence-column19_95fe78-bb > .kt-inside-inner-col > .wp-block-kadence-advancedgallery{align-self:stretch;}.kadence-column19_95fe78-bb > .kt-inside-inner-col > .aligncenter{width:100%;}.kt-row-column-wrap > .kadence-column19_95fe78-bb{align-self:flex-start;}.kt-inner-column-height-full:not(.kt-has-1-columns) > .wp-block-kadence-column.kadence-column19_95fe78-bb{align-self:auto;}.kt-inner-column-height-full:not(.kt-has-1-columns) > .wp-block-kadence-column.kadence-column19_95fe78-bb > .kt-inside-inner-col{flex-direction:column;justify-content:flex-start;}.kadence-column19_95fe78-bb > .kt-inside-inner-col{background-color:#1a2842;}.kadence-column19_95fe78-bb > .kt-inside-inner-col:before{opacity:0.3;}.kadence-column19_95fe78-bb{text-align:center;}.kadence-column19_95fe78-bb{position:relative;}.kadence-column19_95fe78-bb, .kt-inside-inner-col > .kadence-column19_95fe78-bb:not(.specificity){margin-top:0px;margin-right:0px;margin-bottom:0px;margin-left:0px;}@media all and (max-width: 1024px){.kt-row-column-wrap > .kadence-column19_95fe78-bb{align-self:flex-start;}}@media all and (max-width: 1024px){.kt-inner-column-height-full:not(.kt-has-1-columns) > .wp-block-kadence-column.kadence-column19_95fe78-bb{align-self:auto;}}@media all and (max-width: 1024px){.kt-inner-column-height-full:not(.kt-has-1-columns) > .wp-block-kadence-column.kadence-column19_95fe78-bb > .kt-inside-inner-col{flex-direction:column;justify-content:flex-start;}}@media all and (max-width: 1024px){.kadence-column19_95fe78-bb > .kt-inside-inner-col{flex-direction:column;justify-content:flex-start;align-items:center;}}@media all and (max-width: 767px){.kt-row-column-wrap > .kadence-column19_95fe78-bb{align-self:flex-start;}.kt-inner-column-height-full:not(.kt-has-1-columns) > .wp-block-kadence-column.kadence-column19_95fe78-bb{align-self:auto;}.kt-inner-column-height-full:not(.kt-has-1-columns) > .wp-block-kadence-column.kadence-column19_95fe78-bb > .kt-inside-inner-col{flex-direction:column;justify-content:flex-start;}.kadence-column19_95fe78-bb > .kt-inside-inner-col{flex-direction:column;justify-content:flex-start;align-items:center;}}<\/style>\n<div class=\"wp-block-kadence-column kadence-column19_95fe78-bb kb-section-dir-vertical kb-section-md-dir-vertical\"><div class=\"kt-inside-inner-col\"><style>.wp-block-kadence-advancedheading.kt-adv-heading19_625c43-5b, .wp-block-kadence-advancedheading.kt-adv-heading19_625c43-5b[data-kb-block=\"kb-adv-heading19_625c43-5b\"]{padding-top:0px;padding-right:0px;padding-bottom:0px;padding-left:0px;margin-top:0px;margin-bottom:0px;text-align:center;font-size:var(--global-kb-font-size-xxl, 4rem);font-weight:400;font-style:normal;font-family:Inter;letter-spacing:0px;writing-mode:sideways-lr;text-orientation:sideways;border-top-left-radius:10px;border-top-right-radius:10px;border-bottom-right-radius:10px;border-bottom-left-radius:10px;}.wp-block-kadence-advancedheading.kt-adv-heading19_625c43-5b mark.kt-highlight, .wp-block-kadence-advancedheading.kt-adv-heading19_625c43-5b[data-kb-block=\"kb-adv-heading19_625c43-5b\"] mark.kt-highlight{font-style:normal;color:#f76a0c;-webkit-box-decoration-break:clone;box-decoration-break:clone;padding-top:0px;padding-right:0px;padding-bottom:0px;padding-left:0px;}.wp-block-kadence-advancedheading.kt-adv-heading19_625c43-5b img.kb-inline-image, .wp-block-kadence-advancedheading.kt-adv-heading19_625c43-5b[data-kb-block=\"kb-adv-heading19_625c43-5b\"] img.kb-inline-image{width:150px;vertical-align:baseline;}@media all and (max-width: 1024px){.wp-block-kadence-advancedheading.kt-adv-heading19_625c43-5b, .wp-block-kadence-advancedheading.kt-adv-heading19_625c43-5b[data-kb-block=\"kb-adv-heading19_625c43-5b\"]{padding-top:var(--global-kb-spacing-lg, 3rem);padding-right:var(--global-kb-spacing-xs, 1rem);padding-bottom:var(--global-kb-spacing-xs, 1rem);padding-left:var(--global-kb-spacing-xs, 1rem);writing-mode:horizontal-tb;text-orientation:mixed;text-align:center!important;}}<\/style>\n<h1 class=\"kt-adv-heading19_625c43-5b wp-block-kadence-advancedheading has-theme-palette-9-color has-text-color\" data-kb-block=\"kb-adv-heading19_625c43-5b\"><strong>Let&#8217;s get in touch<\/strong>!<\/h1>\n\n\n<style>.wp-block-kadence-advancedbtn.kt-btns19_0b6255-a2, .site .entry-content .wp-block-kadence-advancedbtn.kt-btns19_0b6255-a2, .wp-block-kadence-advancedbtn.kb-btns19_0b6255-a2, .site .entry-content .wp-block-kadence-advancedbtn.kb-btns19_0b6255-a2{margin-top:var(--global-kb-spacing-md, 2rem);margin-right:var(--global-kb-spacing-md, 2rem);margin-bottom:var(--global-kb-spacing-md, 2rem);margin-left:var(--global-kb-spacing-md, 2rem);}.wp-block-kadence-advancedbtn.kb-btns19_0b6255-a2{gap:var(--global-kb-gap-md, 2rem);flex-direction:column;align-items:center;justify-content:flex-start;}.kt-btns19_0b6255-a2 .kt-button{font-weight:normal;font-style:normal;}.kt-btns19_0b6255-a2 .kt-btn-wrap-0{margin-right:5px;}.wp-block-kadence-advancedbtn.kt-btns19_0b6255-a2 .kt-btn-wrap-0 .kt-button{color:#555555;border-color:#555555;}.wp-block-kadence-advancedbtn.kt-btns19_0b6255-a2 .kt-btn-wrap-0 .kt-button:hover, .wp-block-kadence-advancedbtn.kt-btns19_0b6255-a2 .kt-btn-wrap-0 .kt-button:focus{color:#ffffff;border-color:#444444;}.wp-block-kadence-advancedbtn.kt-btns19_0b6255-a2 .kt-btn-wrap-0 .kt-button::before{display:none;}.wp-block-kadence-advancedbtn.kt-btns19_0b6255-a2 .kt-btn-wrap-0 .kt-button:hover, .wp-block-kadence-advancedbtn.kt-btns19_0b6255-a2 .kt-btn-wrap-0 .kt-button:focus{background:#444444;}<\/style>\n<div class=\"wp-block-kadence-advancedbtn kb-buttons-wrap kb-btns19_0b6255-a2\"><style>.wp-block-kadence-advancedbtn .kb-btn19_6fca6b-43.kb-button, ul.menu .wp-block-kadence-advancedbtn .kb-btn19_6fca6b-43.kb-button{width:160px;}.wp-block-kadence-advancedbtn .kb-btn19_6fca6b-43.kb-button{font-family:Inter;font-weight:400;border-top-left-radius:10px;border-top-right-radius:10px;border-bottom-right-radius:10px;border-bottom-left-radius:10px;padding-left:0px;margin-left:0px;}.kb-btn19_6fca6b-43.kb-button .kb-svg-icon-wrap{padding-right:0px;padding-bottom:0px;padding-left:0px;font-size:28px;--kb-button-icon-size:28px;}.wp-block-kadence-advancedbtn .kb-btn19_6fca6b-43.kb-button:hover, .wp-block-kadence-advancedbtn .kb-btn19_6fca6b-43.kb-button:focus{color:#00bfa6;border-top-left-radius:10px;border-top-right-radius:10px;border-bottom-right-radius:10px;border-bottom-left-radius:10px;}<\/style><a class=\"kb-button kt-button button kb-btn19_6fca6b-43 kt-btn-size-standard kt-btn-width-type-fixed kb-btn-global-inherit  kt-btn-has-text-true kt-btn-has-svg-true  wp-block-button__link wp-block-kadence-singlebtn\" href=\"mailto:tmz@tobiaszielke.com\"><span class=\"kb-svg-icon-wrap kb-svg-icon-kb_email-solid kt-btn-icon-side-left\"><svg viewBox=\"0 0 24 24\"  fill=\"currentColor\" xmlns=\"http:\/\/www.w3.org\/2000\/svg\"  aria-hidden=\"true\"><path d=\"M12 12.5l9-5.06V6c0-1.1-.9-2-2-2H5c-1.1 0-2 .9-2 2v1.44l9 5.06z\"\/><path d=\"M12 13.5l-9-5.06V18c0 1.1.9 2 2 2h14c1.1 0 2-.9 2-2V8.44l-9 5.06z\"\/><\/svg><\/span><span class=\"kt-btn-inner-text\">E-Mail<\/span><\/a>\n\n<style>.wp-block-kadence-advancedbtn .kb-btn19_b8fae9-25.kb-button, ul.menu .wp-block-kadence-advancedbtn .kb-btn19_b8fae9-25.kb-button{width:160px;}.wp-block-kadence-advancedbtn .kb-btn19_b8fae9-25.kb-button{font-size:var(--global-kb-font-size-md, 1.25rem);font-family:Inter;font-weight:400;border-top-left-radius:10px;border-top-right-radius:10px;border-bottom-right-radius:10px;border-bottom-left-radius:10px;}.kb-btn19_b8fae9-25.kb-button .kb-svg-icon-wrap{padding-top:0px;padding-right:0px;padding-bottom:0px;padding-left:0px;font-size:28px;--kb-button-icon-size:28px;}.wp-block-kadence-advancedbtn .kb-btn19_b8fae9-25.kb-button:hover, .wp-block-kadence-advancedbtn .kb-btn19_b8fae9-25.kb-button:focus{color:#00bfa6;border-top-left-radius:10px;border-top-right-radius:10px;border-bottom-right-radius:10px;border-bottom-left-radius:10px;}<\/style><a class=\"kb-button kt-button button kb-btn19_b8fae9-25 kt-btn-size-standard kt-btn-width-type-fixed kb-btn-global-inherit  kt-btn-has-text-true kt-btn-has-svg-true  wp-block-button__link wp-block-kadence-singlebtn\" href=\"https:\/\/www.linkedin.com\/in\/tobiaszielke\/\" target=\"_blank\" rel=\"noreferrer noopener\"><span class=\"kb-svg-icon-wrap kb-svg-icon-fa_linkedin kt-btn-icon-side-left\"><svg viewBox=\"0 0 448 512\"  fill=\"currentColor\" xmlns=\"http:\/\/www.w3.org\/2000\/svg\"  aria-hidden=\"true\"><path d=\"M416 32H31.9C14.3 32 0 46.5 0 64.3v383.4C0 465.5 14.3 480 31.9 480H416c17.6 0 32-14.5 32-32.3V64.3c0-17.8-14.4-32.3-32-32.3zM135.4 416H69V202.2h66.5V416zm-33.2-243c-21.3 0-38.5-17.3-38.5-38.5S80.9 96 102.2 96c21.2 0 38.5 17.3 38.5 38.5 0 21.3-17.2 38.5-38.5 38.5zm282.1 243h-66.4V312c0-24.8-.5-56.7-34.5-56.7-34.6 0-39.9 27-39.9 54.9V416h-66.4V202.2h63.7v29.2h.9c8.9-16.8 30.6-34.5 62.9-34.5 67.2 0 79.7 44.3 79.7 101.9V416z\"\/><\/svg><\/span><span class=\"kt-btn-inner-text\">LinkedIn<\/span><\/a>\n\n<style>.wp-block-kadence-advancedbtn .kb-btn19_96a781-06.kb-button, ul.menu .wp-block-kadence-advancedbtn .kb-btn19_96a781-06.kb-button{width:160px;}.wp-block-kadence-advancedbtn .kb-btn19_96a781-06.kb-button{font-size:var(--global-kb-font-size-md, 1.25rem);font-family:Inter;font-weight:400;border-top-left-radius:10px;border-top-right-radius:10px;border-bottom-right-radius:10px;border-bottom-left-radius:10px;}.kb-btn19_96a781-06.kb-button .kb-svg-icon-wrap{padding-top:0px;padding-right:0px;padding-bottom:0px;padding-left:0px;font-size:28px;--kb-button-icon-size:28px;}.wp-block-kadence-advancedbtn .kb-btn19_96a781-06.kb-button:hover, .wp-block-kadence-advancedbtn .kb-btn19_96a781-06.kb-button:focus{color:#00bfa6;border-top-left-radius:10px;border-top-right-radius:10px;border-bottom-right-radius:10px;border-bottom-left-radius:10px;}<\/style><a class=\"kb-button kt-button button kb-btn19_96a781-06 kt-btn-size-standard kt-btn-width-type-fixed kb-btn-global-inherit  kt-btn-has-text-true kt-btn-has-svg-true  wp-block-button__link wp-block-kadence-singlebtn\" href=\"tel:+491713558833\"><span class=\"kb-svg-icon-wrap kb-svg-icon-fe_phoneCall kt-btn-icon-side-left\"><svg viewBox=\"0 0 24 24\"  fill=\"none\" stroke=\"currentColor\" stroke-width=\"2\" stroke-linecap=\"round\" stroke-linejoin=\"round\" xmlns=\"http:\/\/www.w3.org\/2000\/svg\"  aria-hidden=\"true\"><path d=\"M15.05 5A5 5 0 0 1 19 8.95M15.05 1A9 9 0 0 1 23 8.94m-1 7.98v3a2 2 0 0 1-2.18 2 19.79 19.79 0 0 1-8.63-3.07 19.5 19.5 0 0 1-6-6 19.79 19.79 0 0 1-3.07-8.67A2 2 0 0 1 4.11 2h3a2 2 0 0 1 2 1.72 12.84 12.84 0 0 0 .7 2.81 2 2 0 0 1-.45 2.11L8.09 9.91a16 16 0 0 0 6 6l1.27-1.27a2 2 0 0 1 2.11-.45 12.84 12.84 0 0 0 2.81.7A2 2 0 0 1 22 16.92z\"\/><\/svg><\/span><span class=\"kt-btn-inner-text\">Mobile<\/span><\/a><\/div>\n<\/div><\/div>\n\n\n<style>.kadence-column19_eec54b-05 > .kt-inside-inner-col{display:flex;}.kadence-column19_eec54b-05 > .kt-inside-inner-col{padding-top:0px;padding-right:0px;padding-bottom:0px;padding-left:0px;}.kadence-column19_eec54b-05 > .kt-inside-inner-col,.kadence-column19_eec54b-05 > .kt-inside-inner-col:before{border-top-left-radius:0px;border-top-right-radius:0px;border-bottom-right-radius:0px;border-bottom-left-radius:0px;}.kadence-column19_eec54b-05 > .kt-inside-inner-col{row-gap:var(--global-kb-gap-sm, 1rem);column-gap:var(--global-kb-gap-sm, 1rem);}.kadence-column19_eec54b-05 > .kt-inside-inner-col{flex-direction:column;justify-content:space-evenly;align-items:stretch;}.kadence-column19_eec54b-05 > .kt-inside-inner-col > .kb-image-is-ratio-size{align-self:stretch;}.kadence-column19_eec54b-05 > .kt-inside-inner-col > .wp-block-kadence-advancedgallery{align-self:stretch;}.kadence-column19_eec54b-05 > .kt-inside-inner-col > .aligncenter{width:100%;}.kt-row-column-wrap > .kadence-column19_eec54b-05{align-self:center;}.kt-inner-column-height-full:not(.kt-has-1-columns) > .wp-block-kadence-column.kadence-column19_eec54b-05{align-self:auto;}.kt-inner-column-height-full:not(.kt-has-1-columns) > .wp-block-kadence-column.kadence-column19_eec54b-05 > .kt-inside-inner-col{flex-direction:column;justify-content:space-evenly;}.kadence-column19_eec54b-05 > .kt-inside-inner-col:before{opacity:0.3;}.kadence-column19_eec54b-05{text-align:left;}.kadence-column19_eec54b-05{position:relative;}.kadence-column19_eec54b-05, .kt-inside-inner-col > .kadence-column19_eec54b-05:not(.specificity){margin-top:0px;margin-right:0px;margin-bottom:0px;margin-left:0px;}@media all and (max-width: 1024px){.kt-row-column-wrap > .kadence-column19_eec54b-05{align-self:center;}}@media all and (max-width: 1024px){.kt-inner-column-height-full:not(.kt-has-1-columns) > .wp-block-kadence-column.kadence-column19_eec54b-05{align-self:auto;}}@media all and (max-width: 1024px){.kt-inner-column-height-full:not(.kt-has-1-columns) > .wp-block-kadence-column.kadence-column19_eec54b-05 > .kt-inside-inner-col{flex-direction:column;justify-content:space-evenly;}}@media all and (max-width: 1024px){.kadence-column19_eec54b-05 > .kt-inside-inner-col{flex-direction:column;justify-content:space-evenly;align-items:stretch;}}@media all and (max-width: 767px){.kt-row-column-wrap > .kadence-column19_eec54b-05{align-self:center;}.kt-inner-column-height-full:not(.kt-has-1-columns) > .wp-block-kadence-column.kadence-column19_eec54b-05{align-self:auto;}.kt-inner-column-height-full:not(.kt-has-1-columns) > .wp-block-kadence-column.kadence-column19_eec54b-05 > .kt-inside-inner-col{flex-direction:column;justify-content:space-evenly;}.kadence-column19_eec54b-05 > .kt-inside-inner-col{flex-direction:column;justify-content:space-evenly;align-items:stretch;}}<\/style>\n<div class=\"wp-block-kadence-column kadence-column19_eec54b-05 kb-section-dir-vertical kb-section-sm-dir-vertical\"><div class=\"kt-inside-inner-col\"><style>.wp-block-kadence-advancedheading.kt-adv-heading19_dfa5a5-73, .wp-block-kadence-advancedheading.kt-adv-heading19_dfa5a5-73[data-kb-block=\"kb-adv-heading19_dfa5a5-73\"]{padding-top:var(--global-kb-spacing-xs, 1rem);padding-right:var(--global-kb-spacing-lg, 3rem);padding-bottom:var(--global-kb-spacing-xxs, 0.5rem);padding-left:var(--global-kb-spacing-lg, 3rem);font-size:var(--global-kb-font-size-lg, 2rem);font-weight:400;font-style:normal;font-family:Inter;}.wp-block-kadence-advancedheading.kt-adv-heading19_dfa5a5-73 mark.kt-highlight, .wp-block-kadence-advancedheading.kt-adv-heading19_dfa5a5-73[data-kb-block=\"kb-adv-heading19_dfa5a5-73\"] mark.kt-highlight{font-style:normal;color:#f76a0c;-webkit-box-decoration-break:clone;box-decoration-break:clone;padding-top:0px;padding-right:0px;padding-bottom:0px;padding-left:0px;}.wp-block-kadence-advancedheading.kt-adv-heading19_dfa5a5-73 img.kb-inline-image, .wp-block-kadence-advancedheading.kt-adv-heading19_dfa5a5-73[data-kb-block=\"kb-adv-heading19_dfa5a5-73\"] img.kb-inline-image{width:150px;vertical-align:baseline;}<\/style>\n<h3 class=\"kt-adv-heading19_dfa5a5-73 wp-block-kadence-advancedheading has-theme-palette-3-color has-text-color\" data-kb-block=\"kb-adv-heading19_dfa5a5-73\"><strong>Wie k\u00f6nnen Sie mich erreichen?<\/strong><\/h3>\n\n\n<style>.wp-block-kadence-advancedheading.kt-adv-heading19_f3c66f-28, .wp-block-kadence-advancedheading.kt-adv-heading19_f3c66f-28[data-kb-block=\"kb-adv-heading19_f3c66f-28\"]{padding-top:var(--global-kb-spacing-xxs, 0.5rem);padding-right:var(--global-kb-spacing-lg, 3rem);padding-bottom:0px;padding-left:var(--global-kb-spacing-lg, 3rem);margin-bottom:0px;text-align:left;font-weight:400;font-style:normal;font-family:Inter;}.wp-block-kadence-advancedheading.kt-adv-heading19_f3c66f-28 mark.kt-highlight, .wp-block-kadence-advancedheading.kt-adv-heading19_f3c66f-28[data-kb-block=\"kb-adv-heading19_f3c66f-28\"] mark.kt-highlight{font-style:normal;color:#f76a0c;-webkit-box-decoration-break:clone;box-decoration-break:clone;padding-top:0px;padding-right:0px;padding-bottom:0px;padding-left:0px;}.wp-block-kadence-advancedheading.kt-adv-heading19_f3c66f-28 img.kb-inline-image, .wp-block-kadence-advancedheading.kt-adv-heading19_f3c66f-28[data-kb-block=\"kb-adv-heading19_f3c66f-28\"] img.kb-inline-image{width:150px;vertical-align:baseline;}<\/style>\n<p class=\"kt-adv-heading19_f3c66f-28 wp-block-kadence-advancedheading has-theme-palette-3-color has-text-color\" data-kb-block=\"kb-adv-heading19_f3c66f-28\">Sie haben Fragen, planen ein Projekt oder m\u00f6chten mit mir \u00fcber die Rolle als <strong>Chief of Staff<\/strong> f\u00fcr Ihr Unternehmen sprechen? <br>\u00dcber die Buttons <strong>E-Mail<\/strong>, <strong>LinkedIn<\/strong> oder <strong>Mobile<\/strong> k\u00f6nnen Sie mit mir direkt in Kontakt treten. <br>Gerne k\u00f6nnen Sie auch<strong> einen Termin<\/strong> f\u00fcr ein Telefonat oder Teams\/Zoom\/GoogleMeet mit mir \u00fcber meine <strong>meetergo<\/strong> Seite buchen.<br><br>Ich freue mich, Sie kennen zu lernen und auf unseren Austausch!<br><br>Herzliche Gr\u00fc\u00dfe aus dem Bergischen!<br>Tobias M. Zielke<br><br>PS: <em>wir k\u00f6nnen uns selbstverst\u00e4ndlich auch Duzen<\/em> #gerneperdu<\/p>\n\n\n\n<!-- meetergo widget start -->\n<div style=\"min-width:300px;height:600px\" class=\"meetergo-iframe\" link=\"https:\/\/cal.meetergo.com\/tobiaszielke\/15-min-discovery-call-tmz-de\"><\/div>\n<script src=\"https:\/\/liv-showcase.s3.eu-central-1.amazonaws.com\/browser-v2.js\"><\/script>\n<!-- meetergo widget end -->\n\n\n<style>.wp-block-kadence-image.kb-image19_7005ba-94:not(.kb-specificity-added):not(.kb-extra-specificity-added){margin-left:0px;}.kb-image19_7005ba-94.kb-image-is-ratio-size, .kb-image19_7005ba-94 .kb-image-is-ratio-size{max-width:954px;width:100%;}.wp-block-kadence-column > .kt-inside-inner-col > .kb-image19_7005ba-94.kb-image-is-ratio-size, .wp-block-kadence-column > .kt-inside-inner-col > .kb-image19_7005ba-94 .kb-image-is-ratio-size{align-self:unset;}.kb-image19_7005ba-94{max-width:954px;}.image-is-svg.kb-image19_7005ba-94{-webkit-flex:0 1 100%;flex:0 1 100%;}.image-is-svg.kb-image19_7005ba-94 img{width:100%;}.kb-image19_7005ba-94:not(.kb-image-is-ratio-size) .kb-img, .kb-image19_7005ba-94.kb-image-is-ratio-size{padding-top:var(--global-kb-spacing-md, 2rem);padding-right:var(--global-kb-spacing-xs, 1rem);padding-bottom:var(--global-kb-spacing-xxs, 0.5rem);padding-left:var(--global-kb-spacing-xl, 4rem);}.kb-image19_7005ba-94 .kb-image-has-overlay:after{opacity:0.3;border-top-left-radius:20px;border-top-right-radius:20px;border-bottom-right-radius:20px;border-bottom-left-radius:20px;}.kb-image19_7005ba-94 img.kb-img, .kb-image19_7005ba-94 .kb-img img{border-top-left-radius:20px;border-top-right-radius:20px;border-bottom-right-radius:20px;border-bottom-left-radius:20px;object-position:50% 42%;}<\/style>\n<figure class=\"wp-block-kadence-image kb-image19_7005ba-94 kb-image-is-ratio-size\"><div class=\"kb-is-ratio-image kb-image-ratio-land169\"><img loading=\"lazy\" decoding=\"async\" width=\"1920\" height=\"1280\" src=\"https:\/\/tobiaszielke.com\/wp-content\/uploads\/2025\/07\/Toby-Buero-Koeln-quer.jpg\" alt=\"Tobias M. Zielke Impulsgeber und Chief of Staff\" class=\"kb-img wp-image-456\" srcset=\"https:\/\/tobiaszielke.com\/wp-content\/uploads\/2025\/07\/Toby-Buero-Koeln-quer.jpg 1920w, https:\/\/tobiaszielke.com\/wp-content\/uploads\/2025\/07\/Toby-Buero-Koeln-quer-300x200.jpg 300w, https:\/\/tobiaszielke.com\/wp-content\/uploads\/2025\/07\/Toby-Buero-Koeln-quer-1024x683.jpg 1024w, https:\/\/tobiaszielke.com\/wp-content\/uploads\/2025\/07\/Toby-Buero-Koeln-quer-768x512.jpg 768w, https:\/\/tobiaszielke.com\/wp-content\/uploads\/2025\/07\/Toby-Buero-Koeln-quer-1536x1024.jpg 1536w\" sizes=\"auto, (max-width: 1920px) 100vw, 1920px\" \/><\/div><\/figure>\n<\/div><\/div>\n\n<\/div><\/div>","protected":false},"excerpt":{"rendered":"<p>Let&#8217;s get in touch! Wie k\u00f6nnen Sie mich erreichen? Sie haben Fragen, planen ein Projekt oder m\u00f6chten mit mir \u00fcber die Rolle als Chief of Staff f\u00fcr Ihr Unternehmen sprechen? \u00dcber die Buttons E-Mail, LinkedIn oder Mobile k\u00f6nnen Sie mit mir direkt in Kontakt treten. Gerne k\u00f6nnen Sie auch einen Termin f\u00fcr ein Telefonat oder&#8230;<\/p>","protected":false},"author":1,"featured_media":0,"parent":0,"menu_order":0,"comment_status":"closed","ping_status":"closed","template":"","meta":{"_kad_post_transparent":"","_kad_post_title":"","_kad_post_layout":"","_kad_post_sidebar_id":"","_kad_post_content_style":"","_kad_post_vertical_padding":"","_kad_post_feature":"","_kad_post_feature_position":"","_kad_post_header":false,"_kad_post_footer":false,"_kad_post_classname":"","footnotes":""},"class_list":["post-19","page","type-page","status-publish","hentry"],"_links":{"self":[{"href":"https:\/\/tobiaszielke.com\/en\/wp-json\/wp\/v2\/pages\/19","targetHints":{"allow":["GET"]}}],"collection":[{"href":"https:\/\/tobiaszielke.com\/en\/wp-json\/wp\/v2\/pages"}],"about":[{"href":"https:\/\/tobiaszielke.com\/en\/wp-json\/wp\/v2\/types\/page"}],"author":[{"embeddable":true,"href":"https:\/\/tobiaszielke.com\/en\/wp-json\/wp\/v2\/users\/1"}],"replies":[{"embeddable":true,"href":"https:\/\/tobiaszielke.com\/en\/wp-json\/wp\/v2\/comments?post=19"}],"version-history":[{"count":68,"href":"https:\/\/tobiaszielke.com\/en\/wp-json\/wp\/v2\/pages\/19\/revisions"}],"predecessor-version":[{"id":760,"href":"https:\/\/tobiaszielke.com\/en\/wp-json\/wp\/v2\/pages\/19\/revisions\/760"}],"wp:attachment":[{"href":"https:\/\/tobiaszielke.com\/en\/wp-json\/wp\/v2\/media?parent=19"}],"curies":[{"name":"wp","href":"https:\/\/api.w.org\/{rel}","templated":true}]}}